{"id":44,"date":"2026-04-19T20:33:27","date_gmt":"2026-04-19T20:33:27","guid":{"rendered":"https:\/\/midnight.ch\/public_html\/talk\/?page_id=44"},"modified":"2026-04-19T20:33:27","modified_gmt":"2026-04-19T20:33:27","slug":"impressum","status":"publish","type":"page","link":"https:\/\/midnight.ch\/public_html\/talk\/impressum\/","title":{"rendered":"Impressum"},"content":{"rendered":"\n<h2 class=\"wp-block-heading\">Who we are<\/h2>\n\n\n\n<p><strong class=\"privacy-policy-tutorial\">Suggested text: <\/strong>Our website address is: https:\/\/midnight.ch\/public_html\/talk.<\/p>\n\n\n\n<h2 class=\"wp-block-heading\">Impressum<\/h2>\n\n\n\n<h3 class=\"wp-block-heading\">Kontaktadresse<\/h3>\n\n\n\n<p>[Vorname] [Nachname] [Strasse und Hausnummer] [Postleitzahl] [Ort] Schweiz<\/p>\n\n\n\n<h3 class=\"wp-block-heading\">Kontakt<\/h3>\n\n\n\n<p>E-Mail: [Deine E-Mail-Adresse] Telefon: [Deine Telefonnummer] (optional, aber empfohlen f\u00fcr die Transparenz)<\/p>\n\n\n\n<h3 class=\"wp-block-heading\">Vertretungsberechtigte Person(en)<\/h3>\n\n\n\n<p>[Vorname] [Nachname], Inhaber\/Betreiber<\/p>\n\n\n\n<h3 class=\"wp-block-heading\">Handelsregistereintrag (falls vorhanden)<\/h3>\n\n\n\n<p>Eingetragener Firmenname: [Dein Firmenname] Handelsregister-Nummer: [z. B. CHE-123.456.789] Handelsregisteramt: [Dein Kanton]<\/p>\n\n\n\n<h3 class=\"wp-block-heading\">Mehrwertsteuernummer (falls vorhanden)<\/h3>\n\n\n\n<p>[MWST-Nummer]<\/p>\n\n\n\n<hr class=\"wp-block-separator has-alpha-channel-opacity\"\/>\n\n\n\n<h2 class=\"wp-block-heading\">Rechtliche Hinweise<\/h2>\n\n\n\n<h3 class=\"wp-block-heading\">Haftungsausschluss<\/h3>\n\n\n\n<p id=\"p-rc_5f819a8ba9cffefe-25\">Der Autor \u00fcbernimmt keine&nbsp;Gew\u00e4hr hinsichtlich der inhaltlichen Richtigkeit, Genauigkeit, Aktualit\u00e4t, Zuverl\u00e4ssigkeit und Vollst\u00e4ndigkeit der Informationen. Haftungsanspr\u00fcche gegen den Autor&nbsp;wegen Sch\u00e4den materieller oder immaterieller Art, welche aus dem Zugriff oder der Nutzung bzw. Nichtnutzung der ve<sup><\/sup>r\u00f6ffentlichten Informationen,&nbsp;durch Missbrauch der Verbindung oder durch technische St\u00f6rungen entstanden sind, werden ausg<sup><\/sup>eschlossen.<sup><\/sup><\/p>\n\n\n\n<h3 class=\"wp-block-heading\">Haftung f\u00fcr Links<sup><\/sup><\/h3>\n\n\n\n<p id=\"p-rc_5f819a8ba9cffefe-26\">Verweise und Links auf Webseiten Dritter liegen ausserhalb unseres Verantwortungsbere<sup><\/sup>ichs. Es wird jegliche Verantwortung f\u00fcr solche Webseiten abgelehnt. Der Zugriff und die Nutzung solcher Webseiten erfolgen auf eigene Gefahr des Nutzers oder der Nutzer<sup><\/sup>in.<\/p>\n\n\n\n<h3 class=\"wp-block-heading\">Urheberrechte<\/h3>\n\n\n\n<p>Die Urheber- und alle anderen Rechte an Inhalten, Bildern, Fotos oder anderen Dateien auf der Website geh\u00f6ren ausschliesslich&nbsp;<strong>[Dein Name\/Firmenname]<\/strong>&nbsp;oder den speziell genannten Rechtsinhabern. F\u00fcr die Reproduktion jeglicher Elemente ist die schriftliche Zustimmung der Urheberrechtstr\u00e4ger im Voraus einzuholen.<\/p>\n\n\n\n<hr class=\"wp-block-separator has-alpha-channel-opacity\"\/>\n\n\n\n<h3 class=\"wp-block-heading\">Was ist in der Schweiz anders als in der EU?<\/h3>\n\n\n\n<ul class=\"wp-block-list\">\n<li><strong>Vollst\u00e4ndige Adresse:<\/strong>\u00a0Nach Art. 3 Abs. 1 lit. s Ziff. 1 UWG musst du deinen Namen und die vollst\u00e4ndige Adresse angeben. Eine reine E-Mail-Adresse reicht nicht aus.<\/li>\n\n\n\n<li><strong>Kein &#8222;Verantwortlicher nach MStV&#8220;:<\/strong>\u00a0Die spezifische deutsche Regelung f\u00fcr journalistisch-redaktionelle Texte gibt es in der Schweiz so nicht.<\/li>\n\n\n\n<li><strong>Datenschutzerkl\u00e4rung:<\/strong>\u00a0Seit dem neuen Datenschutzgesetz (<strong>nDSG<\/strong>, September 2023) ist eine Datenschutzerkl\u00e4rung f\u00fcr Schweizer Webseiten absolut zwingend, sobald Daten (auch IP-Adressen) verarbeitet werden.<\/li>\n<\/ul>\n\n\n\n<blockquote class=\"wp-block-quote is-layout-flow wp-block-quote-is-layout-flow\">\n<p><strong>Wichtiger Hinweis:<\/strong>&nbsp;Auch als Schweizer Blogger solltest du ein EU-konformes Impressum und eine DSGVO-konforme Datenschutzerkl\u00e4rung nutzen, sobald du Leser aus der EU ansprichst (was bei einem deutschen Blog fast automatisch passiert), um Abmahnungen aus dem EU-Raum zu vermeiden.<\/p>\n<\/blockquote>\n\n\n\n<p>Hast du auch vor, Tracking-Tools wie Google Analytics oder einen Newsletter f\u00fcr deine Schweizer Leser einzusetzen?website.<\/p>\n\n\n\n<p>Da du Tracking-Tools (wie Google Analytics) und einen Newsletter nutzt, reicht ein reines Impressum nicht mehr aus. In der Schweiz musst du seit September 2023 das&nbsp;<strong>neue Datenschutzgesetz (nDSG)<\/strong>&nbsp;beachten \u2013 und da du wahrscheinlich auch Leser aus Deutschland oder \u00d6sterreich hast, zus\u00e4tzlich die&nbsp;<strong>EU-DSGVO<\/strong>.<\/p>\n\n\n\n<p>Hier ist die Erg\u00e4nzung, die du f\u00fcr dein Impressum und vor allem f\u00fcr deine&nbsp;<strong>Datenschutzerkl\u00e4rung<\/strong>&nbsp;ben\u00f6tigst:<\/p>\n\n\n\n<hr class=\"wp-block-separator has-alpha-channel-opacity\"\/>\n\n\n\n<h2 class=\"wp-block-heading\">1. Erg\u00e4nzung im Impressum<\/h2>\n\n\n\n<p>Wenn du einen Newsletter anbietest, solltest du im Impressum (oder direkt darunter) kurz darauf hinweisen, wie man sich abmelden kann:<\/p>\n\n\n\n<blockquote class=\"wp-block-quote is-layout-flow wp-block-quote-is-layout-flow\">\n<p><strong>Newsletter:<\/strong>&nbsp;Die Abmeldung vom Newsletter ist jederzeit \u00fcber den entsprechenden Link im Newsletter selbst oder durch eine Mitteilung an die oben genannte E-Mail-Adresse m\u00f6glich.<\/p>\n<\/blockquote>\n\n\n\n<hr class=\"wp-block-separator has-alpha-channel-opacity\"\/>\n\n\n\n<h2 class=\"wp-block-heading\">2. Notwendige Inhalte f\u00fcr deine Datenschutzerkl\u00e4rung<\/h2>\n\n\n\n<p>Da eine vollst\u00e4ndige Datenschutzerkl\u00e4rung sehr lang ist, hier die&nbsp;<strong>drei kritischen Bausteine<\/strong>, die du unbedingt auf einer eigenen Seite (&#8222;Datenschutz&#8220;) einf\u00fcgen musst:<\/p>\n\n\n\n<h3 class=\"wp-block-heading\">A. Hosting &amp; Logfiles<\/h3>\n\n\n\n<p>Jeder Server speichert Daten. Du musst angeben, wo dein Blog gehostet wird (z. B. Hostpoint, Cyon, Infomaniak oder ein internationaler Anbieter).<\/p>\n\n\n\n<ul class=\"wp-block-list\">\n<li><strong>Was wird gespeichert?<\/strong>\u00a0IP-Adresse, Datum, Uhrzeit, Browsertyp.<\/li>\n<\/ul>\n\n\n\n<h3 class=\"wp-block-heading\">B. Google Analytics (Tracking)<\/h3>\n\n\n\n<p>Da du Tracking nutzt, musst du deine Leser informieren:<\/p>\n\n\n\n<ul class=\"wp-block-list\">\n<li><strong>Zweck:<\/strong>\u00a0Analyse des Nutzerverhaltens zur Optimierung des Blogs.<\/li>\n\n\n\n<li><strong>Rechtsgrundlage:<\/strong>\u00a0\u00dcberwiegendes Interesse (CH) bzw. Einwilligung (EU).<\/li>\n\n\n\n<li><strong>Wichtig:<\/strong>\u00a0Du musst darauf hinweisen, dass die Daten in die USA \u00fcbertragen werden k\u00f6nnen und wie Nutzer das Tracking verhindern k\u00f6nnen (z. B. per Browser-Add-on).<\/li>\n<\/ul>\n\n\n\n<h3 class=\"wp-block-heading\">C. Newsletter (z.B. Mailchimp, Brevo oder MailerLite)<\/h3>\n\n\n\n<p>Wenn du E-Mail-Adressen sammelst, musst du Folgendes angeben:<\/p>\n\n\n\n<ul class=\"wp-block-list\">\n<li><strong>Double-Opt-In:<\/strong>\u00a0Best\u00e4tigung, dass der Nutzer die Anmeldung verifiziert hat.<\/li>\n\n\n\n<li><strong>Dienstleister:<\/strong>\u00a0Wer versendet die Mails? (Name und Sitz des Unternehmens).<\/li>\n\n\n\n<li><strong>Statistiken:<\/strong>\u00a0Dass du misst, ob Mails ge\u00f6ffnet werden (Erfolgskontrolle).<\/li>\n<\/ul>\n\n\n\n<hr class=\"wp-block-separator has-alpha-channel-opacity\"\/>\n\n\n\n<h2 class=\"wp-block-heading\">3. Was du jetzt technisch tun musst (Checkliste)<\/h2>\n\n\n\n<ol start=\"1\" class=\"wp-block-list\">\n<li><strong>Cookie-Banner:<\/strong>\u00a0Da du Tracking-Tools nutzt, brauchst du ein Cookie-Banner. F\u00fcr Schweizer Besucher reicht oft ein Hinweis, aber f\u00fcr EU-Besucher musst du eine\u00a0<strong>aktive Einwilligung<\/strong>\u00a0(Opt-in) einholen, bevor Google Analytics geladen wird.<\/li>\n\n\n\n<li><strong>AVV (Auftragsverarbeitungsvertrag):<\/strong>\u00a0Schliesse mit deinem Hoster und deinem Newsletter-Anbieter einen AVV ab. Das geht meistens mit einem Klick in deren Einstellungen.<\/li>\n\n\n\n<li><strong>SSL-Verschl\u00fcsselung:<\/strong>\u00a0Deine Seite muss \u00fcber\u00a0<code>https:\/\/<\/code>\u00a0erreichbar sein, besonders wenn du ein Kontaktformular oder eine Newsletter-Anmeldung hast.<\/li>\n<\/ol>\n\n\n\n<p><strong>Mein Tipp f\u00fcr den Text:<\/strong>&nbsp;Statt die Datenschutzerkl\u00e4rung selbst zu schreiben, nutze f\u00fcr die Schweiz am besten den&nbsp;<strong>Datenschutz-Generator von&nbsp;<a target=\"_blank\" rel=\"noreferrer noopener\" href=\"https:\/\/www.google.com\/search?q=https:\/\/www.privazyplan.ch\">PrivazyPlan<\/a><\/strong>&nbsp;oder den von&nbsp;<strong><a target=\"_blank\" rel=\"noreferrer noopener\" href=\"https:\/\/dsat.ch\/\">DSAT.ch<\/a><\/strong>. Diese sind auf das Schweizer Recht (nDSG) spezialisiert und ber\u00fccksichtigen gleichzeitig die EU-DSGVO.<\/p>\n\n\n\n<p>Welchen Newsletter-Anbieter hast du dir ausgesucht? Manche (wie Mailchimp) erfordern aufgrund des Datentransfers in die USA noch spezifischere Klauseln.<\/p>\n\n\n\n<p><\/p>\n\n\n\n<h2 class=\"wp-block-heading\">Cookies<\/h2>\n\n\n\n<p><strong class=\"privacy-policy-tutorial\">Suggested text: <\/strong>If you leave a comment on our site you may opt-in to saving your name, email address and website in cookies. These are for your convenience so that you do not have to fill in your details again when you leave another comment. These cookies will last for one year.<\/p>\n\n\n\n<p>If you visit our login page, we will set a temporary cookie to determine if your browser accepts cookies. This cookie contains no personal data and is discarded when you close your browser.<\/p>\n\n\n\n<p>When you log in, we will also set up several cookies to save your login information and your screen display choices. Login cookies last for two days, and screen options cookies last for a year. If you select &#8222;Remember Me&#8220;, your login will persist for two weeks. If you log out of your account, the login cookies will be removed.<\/p>\n\n\n\n<p>If you edit or publish an article, an additional cookie will be saved in your browser. This cookie includes no personal data and simply indicates the post ID of the article you just edited. It expires after 1 day.<\/p>\n\n\n\n<h2 class=\"wp-block-heading\">Embedded content from other websites<\/h2>\n\n\n\n<p><strong class=\"privacy-policy-tutorial\">Suggested text: <\/strong>Articles on this site may include embedded content (e.g. videos, images, articles, etc.). Embedded content from other websites behaves in the exact same way as if the visitor has visited the other website.<\/p>\n\n\n\n<p>These websites may collect data about you, use cookies, embed additional third-party tracking, and monitor your interaction with that embedded content, including tracking your interaction with the embedded content if you have an account and are logged in to that website.<\/p>\n\n\n\n<h2 class=\"wp-block-heading\">Who we share your data with<\/h2>\n\n\n\n<p><strong class=\"privacy-policy-tutorial\">Suggested text: <\/strong>If you request a password reset, your IP address will be included in the reset email.<\/p>\n\n\n\n<h2 class=\"wp-block-heading\">How long we retain your data<\/h2>\n\n\n\n<p><strong class=\"privacy-policy-tutorial\">Suggested text: <\/strong>If you leave a comment, the comment and its metadata are retained indefinitely. This is so we can recognize and approve any follow-up comments automatically instead of holding them in a moderation queue.<\/p>\n\n\n\n<p>For users that register on our website (if any), we also store the personal information they provide in their user profile. All users can see, edit, or delete their personal information at any time (except they cannot change their username). Website administrators can also see and edit that information.<\/p>\n\n\n\n<h2 class=\"wp-block-heading\">What rights you have over your data<\/h2>\n\n\n\n<p><strong class=\"privacy-policy-tutorial\">Suggested text: <\/strong>If you have an account on this site, or have left comments, you can request to receive an exported file of the personal data we hold about you, including any data you have provided to us. You can also request that we erase any personal data we hold about you. This does not include any data we are obliged to keep for administrative, legal, or security purposes.<\/p>\n\n\n\n<h2 class=\"wp-block-heading\">Where your data is sent<\/h2>\n\n\n\n<p><strong class=\"privacy-policy-tutorial\">Suggested text: <\/strong>Visitor comments may be checked through an automated spam detection service.<\/p>\n","protected":false},"excerpt":{"rendered":"<p>Who we are Suggested text: Our website address is: https:\/\/midnight.ch\/public_html\/talk. Impressum Kontaktadresse [Vorname] [Nachname] [Strasse und Hausnummer] [Postleitzahl] [Ort] Schweiz Kontakt E-Mail: [Deine E-Mail-Adresse] Telefon: [Deine Telefonnummer] (optional, aber empfohlen f\u00fcr die Transparenz) Vertretungsberechtigte Person(en) [Vorname] [Nachname], Inhaber\/Betreiber Handelsregistereintrag (falls vorhanden) Eingetragener Firmenname: [Dein Firmenname] Handelsregister-Nummer: [z. B. CHE-123.456.789] Handelsregisteramt: [Dein Kanton] Mehrwertsteuernummer (falls vorhanden) [&hellip;]<\/p>\n","protected":false},"author":1,"featured_media":0,"parent":0,"menu_order":0,"comment_status":"closed","ping_status":"open","template":"","meta":{"pagelayer_contact_templates":[],"_pagelayer_content":"","footnotes":""},"class_list":["post-44","page","type-page","status-publish","hentry"],"_links":{"self":[{"href":"https:\/\/midnight.ch\/public_html\/talk\/wp-json\/wp\/v2\/pages\/44","targetHints":{"allow":["GET"]}}],"collection":[{"href":"https:\/\/midnight.ch\/public_html\/talk\/wp-json\/wp\/v2\/pages"}],"about":[{"href":"https:\/\/midnight.ch\/public_html\/talk\/wp-json\/wp\/v2\/types\/page"}],"author":[{"embeddable":true,"href":"https:\/\/midnight.ch\/public_html\/talk\/wp-json\/wp\/v2\/users\/1"}],"replies":[{"embeddable":true,"href":"https:\/\/midnight.ch\/public_html\/talk\/wp-json\/wp\/v2\/comments?post=44"}],"version-history":[{"count":1,"href":"https:\/\/midnight.ch\/public_html\/talk\/wp-json\/wp\/v2\/pages\/44\/revisions"}],"predecessor-version":[{"id":45,"href":"https:\/\/midnight.ch\/public_html\/talk\/wp-json\/wp\/v2\/pages\/44\/revisions\/45"}],"wp:attachment":[{"href":"https:\/\/midnight.ch\/public_html\/talk\/wp-json\/wp\/v2\/media?parent=44"}],"curies":[{"name":"wp","href":"https:\/\/api.w.org\/{rel}","templated":true}]}}